{"id":79,"date":"2025-05-20T17:13:47","date_gmt":"2025-05-20T10:13:47","guid":{"rendered":"http:\/\/172.188.51.215\/?page_id=79"},"modified":"2025-07-31T10:48:02","modified_gmt":"2025-07-31T03:48:02","slug":"gioi-thieu","status":"publish","type":"page","link":"https:\/\/tlsfirm.com\/en\/gioi-thieu\/","title":{"rendered":"Gi\u1edbi thi\u1ec7u"},"content":{"rendered":"<section class=\"gb-element-b91535cc\">\n<div class=\"gb-element-5b451102\">\n<div>\n<h1 class=\"gb-text gb-text-07c8b563\">Ch\u00fang t\u00f4i kh\u00f4ng ch\u1ec9 l\u00e0 lu\u1eadt s\u01b0.<br>Ch\u00fang t\u00f4i l\u00e0 \u0111\u1ed1i t\u00e1c ph\u00e1p l\u00fd c\u1ee7a b\u1ea1n.<\/h1>\n\n\n\n<p class=\"gb-text\"><em>TLS Firm l\u00e0 \u0111\u01a1n v\u1ecb t\u01b0 v\u1ea5n hi\u1ec7n \u0111\u1ea1i, c\u00f9ng \u0111\u1ed9i ng\u0169 lu\u1eadt s\u01b0 c\u1ed9ng t\u00e1c chuy\u00ean nghi\u1ec7p, \u0111\u1ed3ng h\u00e0nh c\u00f9ng doanh nghi\u1ec7p trong m\u1ecdi giai \u0111o\u1ea1n ph\u00e1t tri\u1ec3n.<\/em><\/p>\n\n\n\n<div class=\"gb-element-4a119a71\">\n<a class=\"gb-text gb-text-5cbfdd43\" href=\"\/en\/lien-he\/\" target=\"_blank\" rel=\"noopener\">\u0110\u1eb7t l\u1ecbch ngay h\u00f4m nay<\/a>\n<\/div>\n<\/div>\n<\/div>\n<\/section>\n\n\n\n<div class=\"gb-element-d3868c0a\">\n<div class=\"gb-element-a624c0de\">\n<h2 class=\"gb-text\">Ch\u00fang t\u00f4i l\u00e0 ai?<\/h2>\n\n\n\n<div class=\"gb-element-662dc528\">\n<div>\n<h3 class=\"gb-text\">Gi\u1edbi thi\u1ec7u v\u1ec1 TLS Firm<\/h3>\n\n\n\n<p class=\"gb-text\"><strong>C\u00f4ng ty TLS Firm<\/strong> l\u00e0 c\u00f4ng ty uy t\u00edn, c\u00f3 \u0111\u1ed9i ng\u0169 lu\u1eadt s\u01b0 c\u1ed9ng t\u00e1c h\u00f9ng h\u1eadu chuy\u00ean t\u01b0 v\u1ea5n lu\u1eadt cho c\u00e1 nh\u00e2n, doanh nghi\u1ec7p v\u00e0 t\u1ed5 ch\u1ee9c t\u1ea1i Vi\u1ec7t Nam. \u0110\u1ed9i ng\u0169 lu\u1eadt s\u01b0 c\u1ed9ng t\u00e1c cung c\u1ea5p \u0111a d\u1ea1ng d\u1ecbch v\u1ee5 ph\u00e1p l\u00fd, t\u1eeb t\u01b0 v\u1ea5n lu\u1eadt doanh nghi\u1ec7p, t\u01b0 v\u1ea5n lu\u1eadt d\u00e2n s\u1ef1, lu\u1eadt h\u1ee3p \u0111\u1ed3ng, lu\u1eadt h\u00f4n nh\u00e2n gia \u0111\u00ecnh, \u0111\u1ebfn lu\u1eadt lao \u0111\u1ed9ng v\u00e0 \u0111\u1ea1i di\u1ec7n ph\u00e1p l\u00fd t\u1ea1i t\u00f2a.\u00a0<br>V\u1edbi \u0111\u1ed9i ng\u0169 lu\u1eadt s\u01b0 c\u1ed9ng t\u00e1c t\u01b0 v\u1ea5n lu\u1eadt gi\u00e0u kinh nghi\u1ec7m, ch\u00fang t\u00f4i lu\u00f4n s\u1eb5n s\u00e0ng h\u1ed7 tr\u1ee3 kh\u00e1ch h\u00e0ng gi\u1ea3i quy\u1ebft v\u1ea5n \u0111\u1ec1 ph\u00e1p l\u00fd nhanh ch\u00f3ng, ch\u00ednh x\u00e1c v\u00e0 b\u1ea3o m\u1eadt. N\u1ebfu b\u1ea1n \u0111ang t\u00ecm ki\u1ebfm d\u1ecbch v\u1ee5 ph\u00e1p l\u00fd chuy\u00ean nghi\u1ec7p, c\u1ea7n t\u01b0 v\u1ea5n ph\u00e1p lu\u1eadt mi\u1ec5n ph\u00ed, hay mu\u1ed1n s\u1eed d\u1ee5ng d\u1ecbch v\u1ee5 lu\u1eadt s\u01b0 uy t\u00edn, TLS l\u00e0 l\u1ef1a ch\u1ecdn ph\u00f9 h\u1ee3p.\u00a0<br>TLS cam k\u1ebft mang \u0111\u1ebfn gi\u1ea3i ph\u00e1p ph\u00e1p l\u00fd hi\u1ec7u qu\u1ea3 gi\u00fap b\u1ea1n ti\u1ebft ki\u1ec7m th\u1eddi gian, chi ph\u00ed v\u00e0 y\u00ean t\u00e2m trong m\u1ecdi th\u1ee7 t\u1ee5c ph\u00e1p l\u00fd.\u00a0<\/p>\n<\/div>\n\n\n\n<div class=\"gb-element-3c4bd13b\"><\/div>\n<\/div>\n<\/div>\n<\/div>\n\n\n\n<section class=\"gb-element-1c293149\">\n<div class=\"gb-element-4dea4717\">\n<div class=\"gb-element-365a3631\">\n<h2 class=\"gb-text\">Gi\u00e1 tr\u1ecb t\u1ea1o n\u00ean th\u01b0\u01a1ng hi\u1ec7u TLS<\/h2>\n\n\n\n<p class=\"gb-text gb-text-bfe43dd1\">T\u1ea1i TLS, ch\u00fang t\u00f4i x\u00e2y d\u1ef1ng h\u00ecnh \u1ea3nh lu\u1eadt s\u01b0 th\u1ebf h\u1ec7 m\u1edbi: kh\u00f4ng ch\u1ec9 gi\u1ecfi chuy\u00ean m\u00f4n, m\u00e0 c\u00f2n hi\u1ec3u ngh\u1ec1 \u2013 hi\u1ec3u ng\u01b0\u1eddi \u2013 hi\u1ec3u th\u1ecb tr\u01b0\u1eddng.<\/p>\n\n\n\n<div class=\"gb-element-609771c6\">\n<div class=\"gb-element-ac12db98\">\n<h3 class=\"gb-text-2f344dbd\"><span class=\"gb-shape\"><svg xmlns=\"http:\/\/www.w3.org\/2000\/svg\" width=\"24\" height=\"24\" viewbox=\"0 0 24 24\" fill=\"none\" stroke=\"currentColor\" stroke-width=\"2\" stroke-linecap=\"round\" stroke-linejoin=\"round\" class=\"lucide lucide-shield-check-icon lucide-shield-check\"><path d=\"M20 13c0 5-3.5 7.5-7.66 8.95a1 1 0 0 1-.67-.01C7.5 20.5 4 18 4 13V6a1 1 0 0 1 1-1c2 0 4.5-1.2 6.24-2.72a1.17 1.17 0 0 1 1.52 0C14.51 3.81 17 5 19 5a1 1 0 0 1 1 1z\"><\/path><path d=\"m9 12 2 2 4-4\"><\/path><\/svg><\/span><span class=\"gb-text\">Ch\u00ednh tr\u1ef1c<\/span><\/h3>\n\n\n\n<p class=\"gb-text gb-text-25f3f26a\">L\u00e0m \u0111\u00fang \u2013 n\u00f3i th\u1eadt \u2013 gi\u1eef l\u1eddi.<\/p>\n<\/div>\n\n\n\n<div>\n<h3 class=\"gb-text-62ba9470\"><span class=\"gb-shape\"><svg xmlns=\"http:\/\/www.w3.org\/2000\/svg\" width=\"24\" height=\"24\" viewbox=\"0 0 24 24\" fill=\"none\" stroke=\"currentColor\" stroke-width=\"2\" stroke-linecap=\"round\" stroke-linejoin=\"round\" class=\"lucide lucide-briefcase-business-icon lucide-briefcase-business\"><path d=\"M12 12h.01\"><\/path><path d=\"M16 6V4a2 2 0 0 0-2-2h-4a2 2 0 0 0-2 2v2\"><\/path><path d=\"M22 13a18.15 18.15 0 0 1-20 0\"><\/path><rect width=\"20\" height=\"14\" x=\"2\" y=\"6\" rx=\"2\"><\/rect><\/svg><\/span><span class=\"gb-text\">Chuy\u00ean nghi\u1ec7p<\/span><\/h3>\n\n\n\n<p class=\"gb-text gb-text-08660912\">H\u1ec7 th\u1ed1ng h\u00f3a quy tr\u00ecnh, cam k\u1ebft hi\u1ec7u qu\u1ea3.<\/p>\n<\/div>\n\n\n\n<div>\n<h3 class=\"gb-text-ff27c3a7\"><span class=\"gb-shape\"><svg xmlns=\"http:\/\/www.w3.org\/2000\/svg\" width=\"24\" height=\"24\" viewbox=\"0 0 24 24\" fill=\"none\" stroke=\"currentColor\" stroke-width=\"2\" stroke-linecap=\"round\" stroke-linejoin=\"round\" class=\"lucide lucide-handshake-icon lucide-handshake\"><path d=\"m11 17 2 2a1 1 0 1 0 3-3\"><\/path><path d=\"m14 14 2.5 2.5a1 1 0 1 0 3-3l-3.88-3.88a3 3 0 0 0-4.24 0l-.88.88a1 1 0 1 1-3-3l2.81-2.81a5.79 5.79 0 0 1 7.06-.87l.47.28a2 2 0 0 0 1.42.25L21 4\"><\/path><path d=\"m21 3 1 11h-2\"><\/path><path d=\"M3 3 2 14l6.5 6.5a1 1 0 1 0 3-3\"><\/path><path d=\"M3 4h8\"><\/path><\/svg><\/span><span class=\"gb-text\">\u0110\u1ed3ng h\u00e0nh<\/span><\/h3>\n\n\n\n<p class=\"gb-text gb-text-9e983c3f\">Lu\u00f4n l\u1eafng nghe, ph\u1ea3n h\u1ed3i v\u00e0 h\u00e0nh \u0111\u1ed9ng nhanh ch\u00f3ng.<\/p>\n<\/div>\n<\/div>\n<\/div>\n<\/div>\n<\/section>\n\n\n\n<div class=\"gb-element-e11838d5\">\n<div class=\"gb-element-d7cd54aa\">\n<div class=\"gb-element-806d3c1b\">\n<h2 class=\"gb-text\">\u0110\u1ed9i ng\u0169 lu\u1eadt s\u01b0 c\u1ed9ng t\u00e1c<\/h2>\n\n\n\n<p class=\"gb-text gb-text-cd5ce699\">\u0110\u1ed9i ng\u0169 c\u1ed9ng t\u00e1c c\u1ee7a TLS bao g\u1ed3m c\u00e1c lu\u1eadt s\u01b0, chuy\u00ean vi\u00ean ph\u00e1p l\u00fd nhi\u1ec1u n\u0103m kinh nghi\u1ec7m, t\u1eebng t\u01b0 v\u1ea5n cho startup, t\u1eadp \u0111o\u00e0n trong n\u01b0\u1edbc v\u00e0 \u0111a qu\u1ed1c gia.<\/p>\n\n\n\n<div class=\"gb-element-80004884\">\n<div>\n<div class=\"gb-element-dc18796e\"><\/div>\n\n\n\n<p class=\"gb-text gb-text-cdf70c59\">Nguy\u1ec5n Th\u1ecb Thu Trang<\/p>\n\n\n\n<div class=\"gb-text\">Lu\u1eadt s\u01b0<\/div>\n\n\n\n<div class=\"gb-text\">10+ n\u0103m kinh nghi\u1ec7m t\u01b0 v\u1ea5n doanh nghi\u1ec7p, M&amp;A, v\u00e0 ph\u00e1p l\u00fd h\u1ee3p \u0111\u1ed3ng.<\/div>\n\n\n\n<p class=\"gb-text\"><em>\u201cT\u00f4i tin r\u1eb1ng m\u1ed9t c\u00f4ng ty ph\u00e1t tri\u1ec3n b\u1ec1n v\u1eefng lu\u00f4n c\u1ea7n \u0111\u1ed3ng h\u00e0nh c\u00f9ng m\u1ed9t <strong>lu\u1eadt s\u01b0 t\u01b0 v\u1ea5n doanh nghi\u1ec7p<\/strong> hi\u1ec3u lu\u1eadt, hi\u1ec3u ng\u01b0\u1eddi v\u00e0 hi\u1ec3u th\u1ecb tr\u01b0\u1eddng.\u201d&nbsp;<\/em><\/p>\n<\/div>\n\n\n\n<div>\n<div class=\"gb-element-86d8b3bb\"><\/div>\n\n\n\n<p class=\"gb-text gb-text-e8655642\">Tr\u1ea7n \u0110\u00ecnh V\u0129nh<\/p>\n\n\n\n<div class=\"gb-text\">Lu\u1eadt s\u01b0<\/div>\n\n\n\n<div class=\"gb-text\">15+ n\u0103m kinh nghi\u1ec7m t\u01b0 v\u1ea5n doanh nghi\u1ec7p, gi\u1ea5y ph\u00e9p, ph\u00e1p l\u00fd h\u1ee3p \u0111\u1ed3ng<\/div>\n\n\n\n<p class=\"gb-text\"><em>\u201cL\u00e0 <strong>lu\u1eadt s\u01b0 t\u01b0 v\u1ea5n doanh nghi\u1ec7p<\/strong>, t\u00f4i gi\u00fap kh\u00e1ch h\u00e0ng v\u1eadn h\u00e0nh \u0111\u00fang lu\u1eadt, tr\u00e1nh r\u1ee7i ro v\u00e0 ti\u1ebft ki\u1ec7m chi ph\u00ed ph\u00e1p l\u00fd m\u1ed7i ng\u00e0y.\u201d\u201d&nbsp;<\/em><\/p>\n<\/div>\n\n\n\n<div>\n<div class=\"gb-element-843d54f8\"><\/div>\n\n\n\n<p class=\"gb-text gb-text-cfccaabb\">Nguy\u1ec5n Kha Ly<\/p>\n\n\n\n<div class=\"gb-text\">Lu\u1eadt s\u01b0<\/div>\n\n\n\n<div class=\"gb-text\">10+ n\u0103m kinh nghi\u1ec7m t\u01b0 v\u1ea5n doanh nghi\u1ec7p, b\u1ea5t \u0111\u1ed9ng s\u1ea3n, d\u00e2n s\u1ef1, ly h\u00f4n, tranh ch\u1ea5p t\u00e0i s\u1ea3n<\/div>\n\n\n\n<div class=\"gb-text\">&#8220;<em>M\u1ed7i v\u1ee5 tranh t\u1ee5ng l\u00e0 m\u1ed9t tr\u1eadn chi\u1ebfn v\u1ec1 b\u1eb1ng ch\u1ee9ng v\u00e0 l\u1eadp lu\u1eadn. L\u00e0 lu\u1eadt s\u01b0 tranh t\u1ee5ng, t\u00f4i lu\u00f4n x\u00e2y d\u1ef1ng chi\u1ebfn l\u01b0\u1ee3c r\u00f5 r\u00e0ng ngay t\u1eeb \u0111\u1ea7u, \u0111\u1ec3 kh\u00e1ch h\u00e0ng kh\u00f4ng b\u1ecb b\u1ea5t ng\u1edd khi \u0111\u1ed1i di\u1ec7n v\u1edbi t\u00f2a \u00e1n<\/em>&#8220;<\/div>\n<\/div>\n<\/div>\n<\/div>\n<\/div>\n<\/div>\n\n\n\n<div class=\"gb-element-19aec1fb\">\n<div class=\"gb-element-d62db7c7\">\n<div class=\"gb-element-ec5f7272\">\n<h2 class=\"gb-text gb-text-b88bc23d\">T\u1ea7m nh\u00ecn &amp; S\u1ee9 m\u1ec7nh c\u1ee7a ch\u00fang t\u00f4i<\/h2>\n\n\n\n<div class=\"gb-element-9b249cb9\">\n<div class=\"gb-element-cef853a9\">\n<div>\n<p class=\"gb-text gb-text-541493fd\">TLS h\u01b0\u1edbng t\u1edbi tr\u1edf th\u00e0nh c\u00f4ng ty cung c\u1ea5p gi\u1ea3i ph\u00e1p ph\u00e1p l\u00fd h\u00e0ng \u0111\u1ea7u, to\u00e0n di\u1ec7n cho doanh nghi\u1ec7p Vi\u1ec7t, \u1ee9ng d\u1ee5ng c\u00f4ng ngh\u1ec7 v\u00e0 ti\u00eau chu\u1ea9n qu\u1ed1c t\u1ebf.<\/p>\n\n\n\n<p class=\"gb-text gb-text-9d78688b\">Ch\u00fang t\u00f4i kh\u00f4ng ch\u1ec9 mu\u1ed1n l\u00e0 \u201cng\u01b0\u1eddi x\u1eed l\u00fd s\u1ef1 v\u1ee5 khi c\u00f3 tranh ch\u1ea5p\u201d, m\u00e0 c\u00f2n l\u00e0 <strong>\u0111\u1ed1i t\u00e1c chi\u1ebfn l\u01b0\u1ee3c \u0111\u1ed3ng h\u00e0nh l\u00e2u d\u00e0i<\/strong> trong qu\u00e1 tr\u00ecnh x\u00e2y d\u1ef1ng v\u00e0 ph\u00e1t tri\u1ec3n c\u1ee7a doanh nghi\u1ec7p \u2013 t\u1eeb nh\u1eefng b\u01b0\u1edbc \u0111i \u0111\u1ea7u ti\u00ean \u0111\u1ebfn c\u00e1c giai \u0111o\u1ea1n m\u1edf r\u1ed9ng, g\u1ecdi v\u1ed1n, t\u00e1i c\u1ea5u tr\u00fac hay chuy\u1ec3n giao.<\/p>\n\n\n\n<p class=\"gb-text gb-text-702e3fcd\">Ch\u00fang t\u00f4i tin r\u1eb1ng, <strong>ph\u00e1p lu\u1eadt kh\u00f4ng ch\u1ec9 l\u00e0 r\u00e0o c\u1ea3n<\/strong>, m\u00e0 l\u00e0 <strong>c\u00f4ng c\u1ee5 b\u1ea3o v\u1ec7 l\u1ee3i \u00edch ch\u00ednh \u0111\u00e1ng<\/strong> v\u00e0 <strong>t\u1ea1o n\u1ec1n t\u1ea3ng cho s\u1ef1 ph\u00e1t tri\u1ec3n b\u1ec1n v\u1eefng<\/strong>.<\/p>\n<\/div>\n\n\n\n<div>\n<div style=\"height:39px\" aria-hidden=\"true\" class=\"wp-block-spacer\"><\/div>\n\n\n\n<div class=\"gb-element-526614f0\"><\/div>\n<\/div>\n\n\n\n<div>\n<div class=\"gb-element-ad88bf79\"><\/div>\n<\/div>\n<\/div>\n\n\n\n<div class=\"gb-element-6ca3401e\">\n<div class=\"gb-element-1485dd00\"><\/div>\n\n\n\n<div>\n<h3 class=\"gb-text\">S\u1ee9 m\u1ec7nh c\u1ee7a ch\u00fang t\u00f4i<\/h3>\n\n\n\n<p class=\"gb-text\">\u0110\u01b0a ph\u00e1p l\u00fd \u0111\u1ebfn g\u1ea7n h\u01a1n v\u1edbi doanh nghi\u1ec7p<br>G\u00f3p ph\u1ea7n th\u00fac \u0111\u1ea9y m\u00f4i tr\u01b0\u1eddng kinh doanh minh b\u1ea1ch<br>B\u1ea3o v\u1ec7 quy\u1ec1n l\u1ee3i ch\u00ednh \u0111\u00e1ng cho t\u1eebng kh\u00e1ch h\u00e0ng<\/p>\n<\/div>\n<\/div>\n<\/div>\n<\/div>\n<\/div>\n<\/div>\n\n\n\n<div class=\"gb-element-e42bbc66\">\n<div class=\"gb-element-c5bb2e53\">\n<div class=\"gb-element-22aec57b\">\n<h2 class=\"gb-text\">B\u1ea1n \u0111ang c\u1ea7n h\u1ed7 tr\u1ee3 ph\u00e1p l\u00fd?<\/h2>\n\n\n\n<p class=\"gb-text\">\u0110\u1eebng ch\u1edd \u0111\u1ebfn khi c\u00f3 tranh ch\u1ea5p m\u1edbi t\u00ecm lu\u1eadt s\u01b0. H\u00e3y \u0111\u1ec3 TLS \u0111\u1ed3ng h\u00e0nh c\u00f9ng b\u1ea1n t\u1eeb h\u00f4m nay.<\/p>\n\n\n\n<div class=\"gb-element-f429098d\">\n<a class=\"gb-text gb-text-36921c97\" target=\"_blank\" rel=\"noopener\" href=\"\/en\/lien-he\/\">\u0110\u1eb7t l\u1ecbch ngay h\u00f4m nay<\/a>\n<\/div>\n<\/div>\n<\/div>\n<\/div>\n\n\n\n<p><\/p>","protected":false},"excerpt":{"rendered":"<p>Ch\u00fang t\u00f4i kh\u00f4ng ch\u1ec9 l\u00e0 lu\u1eadt s\u01b0.Ch\u00fang t\u00f4i l\u00e0 \u0111\u1ed1i t\u00e1c ph\u00e1p l\u00fd c\u1ee7a b\u1ea1n. TLS Firm l\u00e0 \u0111\u01a1n v\u1ecb t\u01b0 v\u1ea5n hi\u1ec7n \u0111\u1ea1i, c\u00f9ng \u0111\u1ed9i ng\u0169 lu\u1eadt s\u01b0 c\u1ed9ng t\u00e1c chuy\u00ean nghi\u1ec7p, \u0111\u1ed3ng h\u00e0nh c\u00f9ng doanh nghi\u1ec7p trong m\u1ecdi giai \u0111o\u1ea1n ph\u00e1t tri\u1ec3n. \u0110\u1eb7t l\u1ecbch ngay h\u00f4m nay Ch\u00fang t\u00f4i l\u00e0 ai? Gi\u1edbi thi\u1ec7u &#8230; <a title=\"Gi\u1edbi thi\u1ec7u\" class=\"read-more\" href=\"https:\/\/tlsfirm.com\/en\/gioi-thieu\/\" aria-label=\"Read more about Gi\u1edbi thi\u1ec7u\">Read more<\/a><\/p>","protected":false},"author":2,"featured_media":1405,"parent":0,"menu_order":0,"comment_status":"closed","ping_status":"closed","template":"","meta":{"_uag_custom_page_level_css":"","slim_seo":{"title":"Gi\u1edbi thi\u1ec7u - TLS Firm","description":""},"footnotes":""},"class_list":["post-79","page","type-page","status-publish","has-post-thumbnail"],"uagb_featured_image_src":{"full":false,"thumbnail":false,"medium":false,"medium_large":false,"large":false,"1536x1536":false,"2048x2048":false,"trp-custom-language-flag":false},"uagb_author_info":{"display_name":"Thang Nguyen","author_link":"https:\/\/tlsfirm.com\/en\/author\/thang-nguyen\/"},"uagb_comment_info":0,"uagb_excerpt":"Ch\u00fang t\u00f4i kh\u00f4ng ch\u1ec9 l\u00e0 lu\u1eadt s\u01b0.Ch\u00fang t\u00f4i l\u00e0 \u0111\u1ed1i t\u00e1c ph\u00e1p l\u00fd c\u1ee7a b\u1ea1n. TLS Firm l\u00e0 \u0111\u01a1n v\u1ecb t\u01b0 v\u1ea5n hi\u1ec7n \u0111\u1ea1i, c\u00f9ng \u0111\u1ed9i ng\u0169 lu\u1eadt s\u01b0 c\u1ed9ng t\u00e1c chuy\u00ean nghi\u1ec7p, \u0111\u1ed3ng h\u00e0nh c\u00f9ng doanh nghi\u1ec7p trong m\u1ecdi giai \u0111o\u1ea1n ph\u00e1t tri\u1ec3n. \u0110\u1eb7t l\u1ecbch ngay h\u00f4m nay Ch\u00fang t\u00f4i l\u00e0 ai? Gi\u1edbi thi\u1ec7u&hellip;","_links":{"self":[{"href":"https:\/\/tlsfirm.com\/en\/wp-json\/wp\/v2\/pages\/79","targetHints":{"allow":["GET"]}}],"collection":[{"href":"https:\/\/tlsfirm.com\/en\/wp-json\/wp\/v2\/pages"}],"about":[{"href":"https:\/\/tlsfirm.com\/en\/wp-json\/wp\/v2\/types\/page"}],"author":[{"embeddable":true,"href":"https:\/\/tlsfirm.com\/en\/wp-json\/wp\/v2\/users\/2"}],"replies":[{"embeddable":true,"href":"https:\/\/tlsfirm.com\/en\/wp-json\/wp\/v2\/comments?post=79"}],"version-history":[{"count":1,"href":"https:\/\/tlsfirm.com\/en\/wp-json\/wp\/v2\/pages\/79\/revisions"}],"predecessor-version":[{"id":1002031,"href":"https:\/\/tlsfirm.com\/en\/wp-json\/wp\/v2\/pages\/79\/revisions\/1002031"}],"wp:featuredmedia":[{"embeddable":true,"href":"https:\/\/tlsfirm.com\/en\/wp-json\/"}],"wp:attachment":[{"href":"https:\/\/tlsfirm.com\/en\/wp-json\/wp\/v2\/media?parent=79"}],"curies":[{"name":"wp","href":"https:\/\/api.w.org\/{rel}","templated":true}]}}