{"id":67,"date":"2025-05-20T17:07:50","date_gmt":"2025-05-20T10:07:50","guid":{"rendered":"http:\/\/172.188.51.215\/?page_id=67"},"modified":"2025-07-08T11:40:42","modified_gmt":"2025-07-08T04:40:42","slug":"lien-he","status":"publish","type":"page","link":"https:\/\/tlsfirm.com\/en\/lien-he\/","title":{"rendered":"Li\u00ean h\u1ec7"},"content":{"rendered":"<section class=\"gb-element-e574034d\" style=\"--inline-bg-image: url(\/wp-content\/uploads\/2025\/05\/pexels-vince-2471172-scaled.jpg)\">\n<div class=\"gb-element-bf91710e\">\n<div class=\"gb-element-5552c06e\">\n<img loading=\"lazy\" decoding=\"async\" width=\"1454\" height=\"521\" class=\"gb-media-250365eb\" alt=\"Tls firm\" src=\"\/wp-content\/uploads\/2025\/05\/cropped-cropped-TLS_Color_Gradient-logo-no-slogan.png\" title=\"TLS Firm\" srcset=\"https:\/\/tlsfirm.com\/wp-content\/uploads\/2025\/05\/cropped-cropped-TLS_Color_Gradient-logo-no-slogan.png 1454w, https:\/\/tlsfirm.com\/wp-content\/uploads\/2025\/05\/cropped-cropped-TLS_Color_Gradient-logo-no-slogan-300x107.png 300w, https:\/\/tlsfirm.com\/wp-content\/uploads\/2025\/05\/cropped-cropped-TLS_Color_Gradient-logo-no-slogan-1024x367.png 1024w, https:\/\/tlsfirm.com\/wp-content\/uploads\/2025\/05\/cropped-cropped-TLS_Color_Gradient-logo-no-slogan-768x275.png 768w, https:\/\/tlsfirm.com\/wp-content\/uploads\/2025\/05\/cropped-cropped-TLS_Color_Gradient-logo-no-slogan-18x6.webp 18w\" sizes=\"auto, (max-width: 1454px) 100vw, 1454px\" \/>\n\n\n\n<h1 class=\"gb-text gb-text-c4ad5768\">TLS Firm \u2013 \u0110\u1ed1i t\u00e1c ph\u00e1p l\u00fd \u0111\u00e1ng tin c\u1eady c\u1ee7a b\u1ea1n<\/h1>\n<\/div>\n<\/div>\n<\/section>\n\n\n\n<div class=\"gb-element-8a4bf3ac\">\n<div class=\"gb-element-951e544b\">\n<h2 class=\"gb-text\">TH\u00d4NG TIN<\/h2>\n\n\n\n<div class=\"gb-element-0c78bf11\">\n<div class=\"gb-element-be4ab8c5\">\n<p class=\"gb-text gb-text-5c1a9a31\">Tls Firm| C\u00f4ng ty lu\u1eadt Vi\u1ec7t Nam<\/p>\n\n\n\n<div class=\"gb-text-94b8e73f\"><span class=\"gb-shape\"><svg aria-hidden=\"true\" role=\"img\" height=\"1em\" width=\"1em\" viewbox=\"0 0 384 512\" xmlns=\"http:\/\/www.w3.org\/2000\/svg\"><path fill=\"currentColor\" d=\"M172.268 501.67C26.97 291.031 0 269.413 0 192 0 85.961 85.961 0 192 0s192 85.961 192 192c0 77.413-26.97 99.031-172.268 309.67-9.535 13.774-29.93 13.773-39.464 0zM192 272c44.183 0 80-35.817 80-80s-35.817-80-80-80-80 35.817-80 80 35.817 80 80 80z\"><\/path><\/svg><\/span><span class=\"gb-text\">V\u0103n ph\u00f2ng H\u1ed3 Ch\u00ed Minh: 15 Ho\u00e0ng K\u1ebf Vi\u00eam, Ph\u01b0\u1eddng 12, T\u00e2n B\u00ecnh, H\u1ed3 Ch\u00ed Minh, Vietnam<\/span><\/div>\n\n\n\n<iframe src=\"https:\/\/www.google.com\/maps\/embed?pb=!1m18!1m12!1m3!1d3919.1764289894477!2d106.64757547577615!3d10.797795658797655!2m3!1f0!2f0!3f0!3m2!1i1024!2i768!4f13.1!3m3!1m2!1s0x3175294984746fbd%3A0x797a330fa4eb7615!2zMTUgSG_DoG5nIEvhur8gVmnDqm0sIFBoxrDhu51uZyAxMiwgVMOibiBCw6xuaCwgSOG7kyBDaMOtIE1pbmggNzAwMDAwLCBWaWV0bmFt!5e0!3m2!1sen!2s!4v1748331672267!5m2!1sen!2s\" width=\"100%\" height=\"450\" style=\"border:0;\" allowfullscreen=\"\" loading=\"lazy\" referrerpolicy=\"no-referrer-when-downgrade\"><\/iframe>\n\n\n\n<div class=\"gb-text-568c71a8\"><span class=\"gb-shape\"><svg aria-hidden=\"true\" role=\"img\" height=\"1em\" width=\"1em\" viewbox=\"0 0 512 512\" xmlns=\"http:\/\/www.w3.org\/2000\/svg\"><path fill=\"currentColor\" d=\"M493.4 24.6l-104-24c-11.3-2.6-22.9 3.3-27.5 13.9l-48 112c-4.2 9.8-1.4 21.3 6.9 28l60.6 49.6c-36 76.7-98.9 140.5-177.2 177.2l-49.6-60.6c-6.8-8.3-18.2-11.1-28-6.9l-112 48C3.9 366.5-2 378.1.6 389.4l24 104C27.1 504.2 36.7 512 48 512c256.1 0 464-207.5 464-464 0-11.2-7.7-20.9-18.6-23.4z\"><\/path><\/svg><\/span><span class=\"gb-text\"><a href=\"tel:+84375092551\" title=\"\">(+84) <a href=\"tel:0909682274\">909 682 274<\/a><\/a><\/span><\/div>\n\n\n\n<div class=\"gb-text-7210a397\"><span class=\"gb-shape\"><svg aria-hidden=\"true\" role=\"img\" height=\"1em\" width=\"1em\" viewbox=\"0 0 512 512\" xmlns=\"http:\/\/www.w3.org\/2000\/svg\"><path fill=\"currentColor\" d=\"M464 64H48C21.49 64 0 85.49 0 112v288c0 26.51 21.49 48 48 48h416c26.51 0 48-21.49 48-48V112c0-26.51-21.49-48-48-48zm0 48v40.805c-22.422 18.259-58.168 46.651-134.587 106.49-16.841 13.247-50.201 45.072-73.413 44.701-23.208.375-56.579-31.459-73.413-44.701C106.18 199.465 70.425 171.067 48 152.805V112h416zM48 400V214.398c22.914 18.251 55.409 43.862 104.938 82.646 21.857 17.205 60.134 55.186 103.062 54.955 42.717.231 80.509-37.199 103.053-54.947 49.528-38.783 82.032-64.401 104.947-82.653V400H48z\"><\/path><\/svg><\/span><span class=\"gb-text\"><a href=\"mailto:hello@tlsfirm.com\">hello@tlsfirm.com<\/a><\/span><\/div>\n\n\n\n<div class=\"gb-text-ed7d03b4\"><span class=\"gb-shape\"><svg aria-hidden=\"true\" role=\"img\" height=\"1em\" width=\"1em\" viewbox=\"0 0 512 512\" xmlns=\"http:\/\/www.w3.org\/2000\/svg\"><path fill=\"currentColor\" d=\"M256 8C119 8 8 119 8 256s111 248 248 248 248-111 248-248S393 8 256 8zm92.49 313l-20 25a16 16 0 01-22.49 2.5l-67-49.72a40 40 0 01-15-31.23V112a16 16 0 0116-16h32a16 16 0 0116 16v144l58 42.5a16 16 0 012.49 22.5z\"><\/path><\/svg><\/span><span class=\"gb-text\">Th\u1ee9 2 &#8211; Th\u1ee9 6: 9h &#8211; 18h<\/span><\/div>\n<\/div>\n\n\n\n<div class=\"gb-element-2f7a2411\">\n<form id=\"contact-form\" action=\"\">\n  <label>H\u1ecd v\u00e0 t\u00ean *<\/label>\n  <input type=\"text\" name=\"full_name\" required \/>\n\n  <label>S\u1ed1 \u0111i\u1ec7n tho\u1ea1i *<\/label>\n  <input type=\"tel\" name=\"phone\" required \/>\n\n  <label>Email *<\/label>\n  <input type=\"email\" name=\"email\" required \/>\n\n  <label>D\u1ecbch v\u1ee5 c\u1ea7n t\u01b0 v\u1ea5n *<\/label>\n  <select name=\"service\" required>\n    <option value=\"\">&#8212; Ch\u1ecdn d\u1ecbch v\u1ee5 &#8212;<\/option>\n    <option>Huy \u0110\u1ed9ng V\u1ed1n<\/option>\n    <option>Mua B\u00e1n S\u00e1p Nh\u1eadp<\/option>\n    <option>So\u1ea1n Th\u1ea3o\/R\u00e0 So\u00e1t H\u1ee3p \u0110\u1ed3ng<\/option>\n    <option>Th\u00e0nh L\u1eadp C\u00f4ng Ty<\/option>\n    <option>T\u01b0 V\u1ea5n Th\u01b0\u1eddng Xuy\u00ean<\/option>\n    <option>Xin Gi\u1ea5y Ph\u00e9p Ho\u1ea1t \u0110\u1ed9ng<\/option>\n    <option>\u0110\u0103ng K\u00fd B\u1eb1ng S\u00e1ng Ch\u1ebf<\/option>\n    <option>\u0110\u0103ng K\u00fd B\u1ea3o H\u1ed9 Quy\u1ec1n T\u00e1c Gi\u1ea3<\/option>\n    <option>\u0110\u0103ng K\u00fd Nh\u00e3n Hi\u1ec7u<\/option>\n    <option>X\u1eed L\u00fd Vi Ph\u1ea1m Quy\u1ec1n S\u1edf H\u1eefu Tr\u00ed Tu\u1ec7<\/option>\n    <option>B\u1ea5t \u0110\u1ed9ng S\u1ea3n<\/option>\n    <option>Ly H\u00f4n<\/option>\n    <option>Thu H\u1ed3i N\u1ee3<\/option>\n    <option>Tranh Ch\u1ea5p Lao \u0110\u1ed9ng<\/option>\n    <option>Th\u1eeba K\u1ebf<\/option>\n  <\/select>\n\n  <label>N\u1ed9i dung t\u01b0 v\u1ea5n *<\/label>\n  <textarea name=\"message\" required><\/textarea>\n<input type=\"text\" name=\"tls_secret_field\" style=\"display:none\" tabindex=\"-1\" autocomplete=\"off\">\n\n <div class=\"g-recaptcha\" data-sitekey=\"6Le2UW4rAAAAAFWM-Mp0c6eG-gSoFjb8yitJQpCh\"><\/div>\n  <button type=\"submit\">G\u1eedi ngay<\/button>\n  <div id=\"form-status\"><\/div>\n<input type=\"hidden\" name=\"trp-form-language\" value=\"en\"\/><\/form>\n\n<style>\n  #contact-form {\n    background: #fff;\n    padding: 12px 16px;\n    border-radius: 12px;\n    box-shadow: 0 8px 24px rgba(0,0,0,0.06);\n    color: #111;\n  }\n\n  #contact-form label {\n    display: block;\n    font-weight: 600;\n    margin-bottom: 6px;\n  }\n\n  #contact-form input,\n  #contact-form select,\n  #contact-form textarea {\n    width: 100%;\n    padding: 4px 8px;\n    font-size: 14px;\n    border: 1px solid #ccc;\n    border-radius: 8px;\n    box-sizing: border-box;\n    background-color: #fff;\n    margin-bottom: 8px;\n    transition: border-color 0.3s, box-shadow 0.2s;\n  }\n\n  #contact-form input:focus,\n  #contact-form select:focus,\n  #contact-form textarea:focus {\n    border-color: blue;\n    outline: none;\n    box-shadow: 0 0 0 1px rgba(164, 0, 0, 0.05);\n  }\n\n  #contact-form textarea {\n    min-height: 120px;\n    resize: vertical;\n  }\n\n  #contact-form button {\n    background-color: #a40000;\n    color: #fff;\n    border: none;\n    padding: 12px 26px;\n    font-size: 15px;\n    font-weight: 500;\n    border-radius: 8px;\n    cursor: pointer;\n    display: inline-flex;\n    align-items: center;\n    gap: 8px;\n    transition: background-color 0.3s;\n  }\n\n  #contact-form button:hover {\n    background-color: #cc0000;\n  }\n\n  #form-status {\n    margin-top: 15px;\n    font-size: 14px;\n    color: #0056b3;\n  }\n  .g-recaptcha{\n   margin-bottom: 12px\n}\n<\/style>\n\n\n<script>\ndocument.getElementById(\"contact-form\").addEventListener(\"submit\", async function (e) {\n  e.preventDefault();\n  const status = document.getElementById(\"form-status\");\n\n  \/\/ Validate email format\n  const email = this.email.value.trim();\n  const emailRegex = \/^[^@\\s]+@[^@\\s]+\\.[^@\\s]+$\/;\n  if (!emailRegex.test(email)) {\n    status.textContent = \"Email kh\u00f4ng h\u1ee3p l\u1ec7.\";\n    return;\n  }\n\n  \/\/ Prepare data\n  const formData = new FormData(this);\n  formData.append(\"action\", \"custom_send_contact\");\n\n  status.textContent = \"\u0110ang g\u1eedi...\";\n\n  try {\n  const response = await fetch(\"\/wp-admin\/admin-ajax.php\", {\n    method: \"POST\",\n    body: formData,\n  });\n\n  const result = await response.json();\n\n  if (result.success) {\n    status.textContent = result.data?.message || \"\u0110\u00e3 g\u1eedi th\u00e0nh c\u00f4ng!\";\n    this.reset();\n  } else {\n    status.textContent = result.data?.message || \"G\u1eedi th\u1ea5t b\u1ea1i.\";\n  }\n} catch (err) {\n  status.textContent = \"C\u00f3 l\u1ed7i x\u1ea3y ra khi g\u1eedi.\";\n}\n});\n<\/script>\n\n<script src=\"https:\/\/www.google.com\/recaptcha\/api.js\" async defer><\/script>\n<\/div>\n<\/div>\n<\/div>\n<\/div>\n\n\n\n<p><\/p>","protected":false},"excerpt":{"rendered":"<p>TLS Firm \u2013 \u0110\u1ed1i t\u00e1c ph\u00e1p l\u00fd \u0111\u00e1ng tin c\u1eady c\u1ee7a b\u1ea1n TH\u00d4NG TIN Tls Firm| C\u00f4ng ty lu\u1eadt Vi\u1ec7t Nam V\u0103n ph\u00f2ng H\u1ed3 Ch\u00ed Minh: 15 Ho\u00e0ng K\u1ebf Vi\u00eam, Ph\u01b0\u1eddng 12, T\u00e2n B\u00ecnh, H\u1ed3 Ch\u00ed Minh, Vietnam (+84) 909 682 274 hello@tlsfirm.com Th\u1ee9 2 &#8211; Th\u1ee9 6: 9h &#8211; 18h<\/p>","protected":false},"author":2,"featured_media":1405,"parent":0,"menu_order":0,"comment_status":"closed","ping_status":"closed","template":"","meta":{"_uag_custom_page_level_css":"","slim_seo":{"title":"Li\u00ean h\u1ec7 - TLS Firm","description":""},"footnotes":""},"class_list":["post-67","page","type-page","status-publish","has-post-thumbnail"],"uagb_featured_image_src":{"full":["https:\/\/tlsfirm.com\/wp-content\/uploads\/2025\/06\/pexels-photo-265087-265087.jpg",1200,627,false],"thumbnail":["https:\/\/tlsfirm.com\/wp-content\/uploads\/2025\/06\/pexels-photo-265087-265087-150x150.jpg",150,150,true],"medium":["https:\/\/tlsfirm.com\/wp-content\/uploads\/2025\/06\/pexels-photo-265087-265087-300x157.jpg",300,157,true],"medium_large":["https:\/\/tlsfirm.com\/wp-content\/uploads\/2025\/06\/pexels-photo-265087-265087-768x401.jpg",768,401,true],"large":["https:\/\/tlsfirm.com\/wp-content\/uploads\/2025\/06\/pexels-photo-265087-265087-1024x535.jpg",1024,535,true],"1536x1536":["https:\/\/tlsfirm.com\/wp-content\/uploads\/2025\/06\/pexels-photo-265087-265087.jpg",1200,627,false],"2048x2048":["https:\/\/tlsfirm.com\/wp-content\/uploads\/2025\/06\/pexels-photo-265087-265087.jpg",1200,627,false],"trp-custom-language-flag":["https:\/\/tlsfirm.com\/wp-content\/uploads\/2025\/06\/pexels-photo-265087-265087.jpg",18,9,false]},"uagb_author_info":{"display_name":"Thang Nguyen","author_link":"https:\/\/tlsfirm.com\/en\/author\/thang-nguyen\/"},"uagb_comment_info":0,"uagb_excerpt":"TLS Firm \u2013 \u0110\u1ed1i t\u00e1c ph\u00e1p l\u00fd \u0111\u00e1ng tin c\u1eady c\u1ee7a b\u1ea1n TH\u00d4NG TIN Tls Firm| C\u00f4ng ty lu\u1eadt Vi\u1ec7t Nam V\u0103n ph\u00f2ng H\u1ed3 Ch\u00ed Minh: 15 Ho\u00e0ng K\u1ebf Vi\u00eam, Ph\u01b0\u1eddng 12, T\u00e2n B\u00ecnh, H\u1ed3 Ch\u00ed Minh, Vietnam (+84) 909 682 274 hello@tlsfirm.com Th\u1ee9 2 &#8211; Th\u1ee9 6: 9h &#8211; 18h","_links":{"self":[{"href":"https:\/\/tlsfirm.com\/en\/wp-json\/wp\/v2\/pages\/67","targetHints":{"allow":["GET"]}}],"collection":[{"href":"https:\/\/tlsfirm.com\/en\/wp-json\/wp\/v2\/pages"}],"about":[{"href":"https:\/\/tlsfirm.com\/en\/wp-json\/wp\/v2\/types\/page"}],"author":[{"embeddable":true,"href":"https:\/\/tlsfirm.com\/en\/wp-json\/wp\/v2\/users\/2"}],"replies":[{"embeddable":true,"href":"https:\/\/tlsfirm.com\/en\/wp-json\/wp\/v2\/comments?post=67"}],"version-history":[{"count":5,"href":"https:\/\/tlsfirm.com\/en\/wp-json\/wp\/v2\/pages\/67\/revisions"}],"predecessor-version":[{"id":1719,"href":"https:\/\/tlsfirm.com\/en\/wp-json\/wp\/v2\/pages\/67\/revisions\/1719"}],"wp:featuredmedia":[{"embeddable":true,"href":"https:\/\/tlsfirm.com\/en\/wp-json\/wp\/v2\/media\/1405"}],"wp:attachment":[{"href":"https:\/\/tlsfirm.com\/en\/wp-json\/wp\/v2\/media?parent=67"}],"curies":[{"name":"wp","href":"https:\/\/api.w.org\/{rel}","templated":true}]}}